{"id":93,"date":"2020-04-03T22:14:50","date_gmt":"2020-04-03T22:14:50","guid":{"rendered":"http:\/\/palmap.link\/odsc_test1\/he\/?page_id=93"},"modified":"2020-12-10T22:30:25","modified_gmt":"2020-12-10T22:30:25","slug":"he-signatures","status":"publish","type":"page","link":"https:\/\/onestatecampaign.org\/all\/he-signatures\/","title":{"rendered":"\u05d7\u05ea\u05d9\u05de\u05d5\u05ea"},"content":{"rendered":"\n<div class=\"wp-block-uagb-call-to-action uagb-cta__outer-wrap uagb-block-5cf16beb\"><div class=\"uagb-cta__content-wrap uagb-cta__block uagb-cta__icon-position-right uagb-cta__content-right uagb-cta__content-stacked-tablet uagb-cta__button-valign-middle \"><div class=\"uagb-cta__left-right-wrap\"><div class=\"uagb-cta__content\"><div class=\"uagb-cta-text-wrap\"><p class=\"uagb-cta__desc\">.<\/p><\/div><\/div><div class=\"uagb-cta__link-wrapper uagb-cta__block-link-style\"><div class=\"uagb-cta__button-wrapper\"><a href=\"\/all\/he-sign-the-manifesto\/\" class=\"uagb-cta__button-link-wrapper uagb-cta__block-link uagb-cta-typeof-button\" target=\"_self\" rel=\"noopener noreferrer\"><span class=\"uagb-cta__link-content-inner\"><span>\u05d4\u05d5\u05e1\u05d9\u05e4\u05d5 \u05d0\u05ea \u05d7\u05ea\u05d9\u05de\u05ea\u05db\u05dd!<\/span><\/span><\/a><\/div><\/div><\/div><\/div><\/div>\n\n\n\n<p>\u05e8\u05e9\u05d9\u05de\u05ea \u05d4\u05d7\u05d5\u05ea\u05de\u05d9\u05dd \u05e2\u05dc <a href=\"\/all\/he-manifesto\/\">\u05de\u05e1\u05de\u05da \u05d4\u05d9\u05e1\u05d5\u05d3<\/a>  (1204 \u05d7\u05ea\u05d9\u05de\u05d5\u05ea)<\/p>\n\n\n<div class=\"wrap pdb-list pdb-instance-2 participants-database\" id=\"participants-list-2\">\n    <table class=\"wp-list-table widefat fixed pages list-container\" >\n\n          <caption class=\"pdb-list-count\"><span class=\"list-display-count\">Total: 1204 signatures  <br>\r\nPage 1 :  [1-50]<\/span><\/caption>    \n\n    \n      <thead>\n        <tr>\n          <th class=\"fullname\" scope=\"col\">__Name__<\/th><th class=\"location\" scope=\"col\">__Location__<\/th><th class=\"profession\" scope=\"col\">__Profession__<\/th>        <\/tr>\n      <\/thead>\n\n      <tbody>\n                    <tr>\n    \n              <td class=\"fullname-field\">\n                \n      Elan Yaari              <\/td>\n\n          \n              <td class=\"location-field\">\n                \n      Hawaii              <\/td>\n\n          \n              <td class=\"profession-field\">\n                \n      Retired              <\/td>\n\n                    <\/tr>\n            <tr>\n    \n              <td class=\"fullname-field\">\n                \n      Ean  Chasinoff              <\/td>\n\n          \n              <td class=\"location-field\">\n                \n      United States              <\/td>\n\n          \n              <td class=\"profession-field\">\n                \n      Law Student              <\/td>\n\n                    <\/tr>\n            <tr>\n    \n              <td class=\"fullname-field\">\n                \n      Max Lainema              <\/td>\n\n          \n              <td class=\"location-field\">\n                \n      Finland              <\/td>\n\n          \n              <td class=\"profession-field\">\n                \n                    <\/td>\n\n                    <\/tr>\n            <tr>\n    \n              <td class=\"fullname-field\">\n                \n      Phil Thorogood              <\/td>\n\n          \n              <td class=\"location-field\">\n                \n      Wales              <\/td>\n\n          \n              <td class=\"profession-field\">\n                \n                    <\/td>\n\n                    <\/tr>\n            <tr>\n    \n              <td class=\"fullname-field\">\n                \n      Gareth Murphy              <\/td>\n\n          \n              <td class=\"location-field\">\n                \n      Oman              <\/td>\n\n          \n              <td class=\"profession-field\">\n                \n      Lecturer              <\/td>\n\n                    <\/tr>\n            <tr>\n    \n              <td class=\"fullname-field\">\n                \n      Cecil Crasto              <\/td>\n\n          \n              <td class=\"location-field\">\n                \n      Canada part of Turtle Island              <\/td>\n\n          \n              <td class=\"profession-field\">\n                \n      Human rights activist wannabe              <\/td>\n\n                    <\/tr>\n            <tr>\n    \n              <td class=\"fullname-field\">\n                \n      Juliana Kisar              <\/td>\n\n          \n              <td class=\"location-field\">\n                \n                    <\/td>\n\n          \n              <td class=\"profession-field\">\n                \n                    <\/td>\n\n                    <\/tr>\n            <tr>\n    \n              <td class=\"fullname-field\">\n                \n      Yakhyobek Abdunazarov              <\/td>\n\n          \n              <td class=\"location-field\">\n                \n      Tashkent              <\/td>\n\n          \n              <td class=\"profession-field\">\n                \n      Student              <\/td>\n\n                    <\/tr>\n            <tr>\n    \n              <td class=\"fullname-field\">\n                \n      Grace Zoloto              <\/td>\n\n          \n              <td class=\"location-field\">\n                \n      Chicago, USA              <\/td>\n\n          \n              <td class=\"profession-field\">\n                \n      Student              <\/td>\n\n                    <\/tr>\n            <tr>\n    \n              <td class=\"fullname-field\">\n                \n      Christopher Blomeley              <\/td>\n\n          \n              <td class=\"location-field\">\n                \n      Colchester              <\/td>\n\n          \n              <td class=\"profession-field\">\n                \n      Community              <\/td>\n\n                    <\/tr>\n            <tr>\n    \n              <td class=\"fullname-field\">\n                \n      Mary Deigan              <\/td>\n\n          \n              <td class=\"location-field\">\n                \n      UK              <\/td>\n\n          \n              <td class=\"profession-field\">\n                \n                    <\/td>\n\n                    <\/tr>\n            <tr>\n    \n              <td class=\"fullname-field\">\n                \n      Jaxon Maximus              <\/td>\n\n          \n              <td class=\"location-field\">\n                \n      Manhattan              <\/td>\n\n          \n              <td class=\"profession-field\">\n                \n      We are with you, Palestine!              <\/td>\n\n                    <\/tr>\n            <tr>\n    \n              <td class=\"fullname-field\">\n                \n      Uncle Dan              <\/td>\n\n          \n              <td class=\"location-field\">\n                \n      Migration Movie              <\/td>\n\n          \n              <td class=\"profession-field\">\n                \n      KEEP GOING YA BROTHERS AND SISTER OF PALESTINE!!!              <\/td>\n\n                    <\/tr>\n            <tr>\n    \n              <td class=\"fullname-field\">\n                \n      Ahmad Mahmoud Ibn Fahad Al Zakariya Bin Samalad              <\/td>\n\n          \n              <td class=\"location-field\">\n                \n      \u0627\u0644\u0643\u0648\u064a\u062a              <\/td>\n\n          \n              <td class=\"profession-field\">\n                \n      Real Estate Agent              <\/td>\n\n                    <\/tr>\n            <tr>\n    \n              <td class=\"fullname-field\">\n                \n      Vikram From India              <\/td>\n\n          \n              <td class=\"location-field\">\n                \n      India              <\/td>\n\n          \n              <td class=\"profession-field\">\n                \n      Guy on the radio from Elio Movie              <\/td>\n\n                    <\/tr>\n            <tr>\n    \n              <td class=\"fullname-field\">\n                \n      Orion Pax              <\/td>\n\n          \n              <td class=\"location-field\">\n                \n      Cybertron              <\/td>\n\n          \n              <td class=\"profession-field\">\n                \n      A Prime              <\/td>\n\n                    <\/tr>\n            <tr>\n    \n              <td class=\"fullname-field\">\n                \n      DJ Khaled              <\/td>\n\n          \n              <td class=\"location-field\">\n                \n      USA              <\/td>\n\n          \n              <td class=\"profession-field\">\n                \n      Songwriter              <\/td>\n\n                    <\/tr>\n            <tr>\n    \n              <td class=\"fullname-field\">\n                \n      Timmy X\u00eda\u00f3 Ghz\u011bnji\u00e5n              <\/td>\n\n          \n              <td class=\"location-field\">\n                \n      Shanghai              <\/td>\n\n          \n              <td class=\"profession-field\">\n                \n      Entrepreneur and Harvard Class 1 Professor              <\/td>\n\n                    <\/tr>\n            <tr>\n    \n              <td class=\"fullname-field\">\n                \n      Jasper Dunlop              <\/td>\n\n          \n              <td class=\"location-field\">\n                \n      The United States Of America              <\/td>\n\n          \n              <td class=\"profession-field\">\n                \n      Henry's Best Friend              <\/td>\n\n                    <\/tr>\n            <tr>\n    \n              <td class=\"fullname-field\">\n                \n      Giovanni Bolognese              <\/td>\n\n          \n              <td class=\"location-field\">\n                \n                    <\/td>\n\n          \n              <td class=\"profession-field\">\n                \n                    <\/td>\n\n                    <\/tr>\n            <tr>\n    \n              <td class=\"fullname-field\">\n                \n      Adolph Hitler              <\/td>\n\n          \n              <td class=\"location-field\">\n                \n      Deutschland              <\/td>\n\n          \n              <td class=\"profession-field\">\n                \n      Free Falestine!              <\/td>\n\n                    <\/tr>\n            <tr>\n    \n              <td class=\"fullname-field\">\n                \n      Sadyr Japarov              <\/td>\n\n          \n              <td class=\"location-field\">\n                \n      Kyrgyzstan              <\/td>\n\n          \n              <td class=\"profession-field\">\n                \n      President              <\/td>\n\n                    <\/tr>\n            <tr>\n    \n              <td class=\"fullname-field\">\n                \n      Adam Khawaja              <\/td>\n\n          \n              <td class=\"location-field\">\n                \n      UAE              <\/td>\n\n          \n              <td class=\"profession-field\">\n                \n      Student              <\/td>\n\n                    <\/tr>\n            <tr>\n    \n              <td class=\"fullname-field\">\n                \n      Captian Halal              <\/td>\n\n          \n              <td class=\"location-field\">\n                \n                    <\/td>\n\n          \n              <td class=\"profession-field\">\n                \n      Pakistan Zindabad              <\/td>\n\n                    <\/tr>\n            <tr>\n    \n              <td class=\"fullname-field\">\n                \n      Bayel A.              <\/td>\n\n          \n              <td class=\"location-field\">\n                \n                    <\/td>\n\n          \n              <td class=\"profession-field\">\n                \n                    <\/td>\n\n                    <\/tr>\n            <tr>\n    \n              <td class=\"fullname-field\">\n                \n      Ayaan Zia              <\/td>\n\n          \n              <td class=\"location-field\">\n                \n                    <\/td>\n\n          \n              <td class=\"profession-field\">\n                \n      Student              <\/td>\n\n                    <\/tr>\n            <tr>\n    \n              <td class=\"fullname-field\">\n                \n      Carole  Merl              <\/td>\n\n          \n              <td class=\"location-field\">\n                \n      USA              <\/td>\n\n          \n              <td class=\"profession-field\">\n                \n      Retired              <\/td>\n\n                    <\/tr>\n            <tr>\n    \n              <td class=\"fullname-field\">\n                \n      Anna Nabil              <\/td>\n\n          \n              <td class=\"location-field\">\n                \n                    <\/td>\n\n          \n              <td class=\"profession-field\">\n                \n                    <\/td>\n\n                    <\/tr>\n            <tr>\n    \n              <td class=\"fullname-field\">\n                \n      Floor Krassenburg              <\/td>\n\n          \n              <td class=\"location-field\">\n                \n                    <\/td>\n\n          \n              <td class=\"profession-field\">\n                \n                    <\/td>\n\n                    <\/tr>\n            <tr>\n    \n              <td class=\"fullname-field\">\n                \n      martina turri              <\/td>\n\n          \n              <td class=\"location-field\">\n                \n      italy              <\/td>\n\n          \n              <td class=\"profession-field\">\n                \n      teacher              <\/td>\n\n                    <\/tr>\n            <tr>\n    \n              <td class=\"fullname-field\">\n                \n      Hadas Emma Kedar              <\/td>\n\n          \n              <td class=\"location-field\">\n                \n      Germany              <\/td>\n\n          \n              <td class=\"profession-field\">\n                \n      Doctoral student, teacher              <\/td>\n\n                    <\/tr>\n            <tr>\n    \n              <td class=\"fullname-field\">\n                \n      Benjamin Counsell              <\/td>\n\n          \n              <td class=\"location-field\">\n                \n                    <\/td>\n\n          \n              <td class=\"profession-field\">\n                \n                    <\/td>\n\n                    <\/tr>\n            <tr>\n    \n              <td class=\"fullname-field\">\n                \n      Judith Gaston              <\/td>\n\n          \n              <td class=\"location-field\">\n                \n      Scotland              <\/td>\n\n          \n              <td class=\"profession-field\">\n                \n                    <\/td>\n\n                    <\/tr>\n            <tr>\n    \n              <td class=\"fullname-field\">\n                \n      Hanna Lindgren              <\/td>\n\n          \n              <td class=\"location-field\">\n                \n      sweden              <\/td>\n\n          \n              <td class=\"profession-field\">\n                \n                    <\/td>\n\n                    <\/tr>\n            <tr>\n    \n              <td class=\"fullname-field\">\n                \n      YAIR DVIR              <\/td>\n\n          \n              <td class=\"location-field\">\n                \n      Jaffa              <\/td>\n\n          \n              <td class=\"profession-field\">\n                \n                    <\/td>\n\n                    <\/tr>\n            <tr>\n    \n              <td class=\"fullname-field\">\n                \n      Lior Kay              <\/td>\n\n          \n              <td class=\"location-field\">\n                \n      Palestine              <\/td>\n\n          \n              <td class=\"profession-field\">\n                \n      Social worker              <\/td>\n\n                    <\/tr>\n            <tr>\n    \n              <td class=\"fullname-field\">\n                \n      Nigel Lim              <\/td>\n\n          \n              <td class=\"location-field\">\n                \n      Singapore              <\/td>\n\n          \n              <td class=\"profession-field\">\n                \n                    <\/td>\n\n                    <\/tr>\n            <tr>\n    \n              <td class=\"fullname-field\">\n                \n      \u0627\u0644\u0633\u0641\u0631\u064a\u0648\u064a \u0645\u062d\u0645\u062f              <\/td>\n\n          \n              <td class=\"location-field\">\n                \n      Morocco              <\/td>\n\n          \n              <td class=\"profession-field\">\n                \n                    <\/td>\n\n                    <\/tr>\n            <tr>\n    \n              <td class=\"fullname-field\">\n                \n      Patricia R McMillen              <\/td>\n\n          \n              <td class=\"location-field\">\n                \n      United States              <\/td>\n\n          \n              <td class=\"profession-field\">\n                \n      Lawyer and feminist              <\/td>\n\n                    <\/tr>\n            <tr>\n    \n              <td class=\"fullname-field\">\n                \n      Michael Kienastl              <\/td>\n\n          \n              <td class=\"location-field\">\n                \n      Germany              <\/td>\n\n          \n              <td class=\"profession-field\">\n                \n      Journalist              <\/td>\n\n                    <\/tr>\n            <tr>\n    \n              <td class=\"fullname-field\">\n                \n      Matthew Peduto              <\/td>\n\n          \n              <td class=\"location-field\">\n                \n      United States              <\/td>\n\n          \n              <td class=\"profession-field\">\n                \n                    <\/td>\n\n                    <\/tr>\n            <tr>\n    \n              <td class=\"fullname-field\">\n                \n      Christoph H\u00f6rstel              <\/td>\n\n          \n              <td class=\"location-field\">\n                \n      Deutschland              <\/td>\n\n          \n              <td class=\"profession-field\">\n                \n      Politician, Consultant, Publicist              <\/td>\n\n                    <\/tr>\n            <tr>\n    \n              <td class=\"fullname-field\">\n                \n      Natalie Arbeau-Vowles              <\/td>\n\n          \n              <td class=\"location-field\">\n                \n      British Columbia, Canada              <\/td>\n\n          \n              <td class=\"profession-field\">\n                \n                    <\/td>\n\n                    <\/tr>\n            <tr>\n    \n              <td class=\"fullname-field\">\n                \n      Laura Batista Aranda              <\/td>\n\n          \n              <td class=\"location-field\">\n                \n      Ciudad de M\u00e9xico              <\/td>\n\n          \n              <td class=\"profession-field\">\n                \n      filmmaker              <\/td>\n\n                    <\/tr>\n            <tr>\n    \n              <td class=\"fullname-field\">\n                \n      Zed Dean              <\/td>\n\n          \n              <td class=\"location-field\">\n                \n      Guelph , canada              <\/td>\n\n          \n              <td class=\"profession-field\">\n                \n      Mathematician              <\/td>\n\n                    <\/tr>\n            <tr>\n    \n              <td class=\"fullname-field\">\n                \n      Jamoliddin Orazimbetov              <\/td>\n\n          \n              <td class=\"location-field\">\n                \n      Dubai              <\/td>\n\n          \n              <td class=\"profession-field\">\n                \n      Student              <\/td>\n\n                    <\/tr>\n            <tr>\n    \n              <td class=\"fullname-field\">\n                \n      Jamoliddin Orazimbetov              <\/td>\n\n          \n              <td class=\"location-field\">\n                \n                    <\/td>\n\n          \n              <td class=\"profession-field\">\n                \n                    <\/td>\n\n                    <\/tr>\n            <tr>\n    \n              <td class=\"fullname-field\">\n                \n      Adib Hosna              <\/td>\n\n          \n              <td class=\"location-field\">\n                \n                    <\/td>\n\n          \n              <td class=\"profession-field\">\n                \n                    <\/td>\n\n                    <\/tr>\n            <tr>\n    \n              <td class=\"fullname-field\">\n                \n      Antoni Hechmann              <\/td>\n\n          \n              <td class=\"location-field\">\n                \n                    <\/td>\n\n          \n              <td class=\"profession-field\">\n                \n                    <\/td>\n\n                    <\/tr>\n            <tr>\n    \n              <td class=\"fullname-field\">\n                \n      Oliwier Muller              <\/td>\n\n          \n              <td class=\"location-field\">\n                \n                    <\/td>\n\n          \n              <td class=\"profession-field\">\n                \n      Miller              <\/td>\n\n                    <\/tr>\n        <\/tbody>\n\n\n  <\/table>\n  <div data-action=\"pdb_list_filter\" class=\"pagination pdb-pagination \"><ul><li class=\"disabled\"><span><span title=\"First\" class=\"dashicons dashicons-first-page\"><\/span><\/span><\/li> <li class=\"disabled\"><span><span title=\"Previous\" class=\"dashicons dashicons-previous-page\"><\/span><\/span><\/li> <li class=\"currentpage\"><span>1<\/span><\/li> <li class=\"direct-page\"><a href=\"\/all\/wp-json\/wp\/v2\/pages\/93?listpage=2&amp;instance=2#participants-list-2\" data-page=\"2\">2<\/a><\/li><li class=\"direct-page\"><a href=\"\/all\/wp-json\/wp\/v2\/pages\/93?listpage=3&amp;instance=2#participants-list-2\" data-page=\"3\">3<\/a><\/li><li class=\"direct-page\"><a href=\"\/all\/wp-json\/wp\/v2\/pages\/93?listpage=4&amp;instance=2#participants-list-2\" data-page=\"4\">4<\/a><\/li><li class=\"direct-page\"><a href=\"\/all\/wp-json\/wp\/v2\/pages\/93?listpage=5&amp;instance=2#participants-list-2\" data-page=\"5\">5<\/a><\/li><li class=\"nextpage\"><a title=\"Next\" href=\"\/all\/wp-json\/wp\/v2\/pages\/93?listpage=2&amp;instance=2#participants-list-2\" data-page=\"2\"><span class=\"dashicons dashicons-next-page\"><\/span><\/a><\/li><li class=\"lastpage\"><a title=\"Last\" href=\"\/all\/wp-json\/wp\/v2\/pages\/93?listpage=25&amp;instance=2#participants-list-2\" data-page=\"25\"><span class=\"dashicons dashicons-last-page\"><\/span><\/a><\/li><\/ul><\/div><\/div>\n","protected":false},"excerpt":{"rendered":"<p>\u05e8\u05e9\u05d9\u05de\u05ea \u05d4\u05d7\u05d5\u05ea\u05de\u05d9\u05dd \u05e2\u05dc \u05de\u05e1\u05de\u05da \u05d4\u05d9\u05e1\u05d5\u05d3 ( \u05d7\u05ea\u05d9\u05de\u05d5\u05ea)<\/p>\n","protected":false},"author":3,"featured_media":0,"parent":0,"menu_order":0,"comment_status":"closed","ping_status":"closed","template":"","meta":{"_FSMCFIC_featured_image_caption":"","_FSMCFIC_featured_image_nocaption":"","_FSMCFIC_featured_image_hide":""},"uagb_featured_image_src":{"full":false,"thumbnail":false,"medium":false,"medium_large":false,"large":false,"1536x1536":false,"2048x2048":false},"uagb_author_info":{"display_name":"author","author_link":"https:\/\/onestatecampaign.org\/all\/author\/author\/"},"uagb_comment_info":0,"uagb_excerpt":"\u05e8\u05e9\u05d9\u05de\u05ea \u05d4\u05d7\u05d5\u05ea\u05de\u05d9\u05dd \u05e2\u05dc \u05de\u05e1\u05de\u05da \u05d4\u05d9\u05e1\u05d5\u05d3 ( \u05d7\u05ea\u05d9\u05de\u05d5\u05ea)","_links":{"self":[{"href":"https:\/\/onestatecampaign.org\/all\/wp-json\/wp\/v2\/pages\/93"}],"collection":[{"href":"https:\/\/onestatecampaign.org\/all\/wp-json\/wp\/v2\/pages"}],"about":[{"href":"https:\/\/onestatecampaign.org\/all\/wp-json\/wp\/v2\/types\/page"}],"author":[{"embeddable":true,"href":"https:\/\/onestatecampaign.org\/all\/wp-json\/wp\/v2\/users\/3"}],"replies":[{"embeddable":true,"href":"https:\/\/onestatecampaign.org\/all\/wp-json\/wp\/v2\/comments?post=93"}],"version-history":[{"count":7,"href":"https:\/\/onestatecampaign.org\/all\/wp-json\/wp\/v2\/pages\/93\/revisions"}],"predecessor-version":[{"id":1536,"href":"https:\/\/onestatecampaign.org\/all\/wp-json\/wp\/v2\/pages\/93\/revisions\/1536"}],"wp:attachment":[{"href":"https:\/\/onestatecampaign.org\/all\/wp-json\/wp\/v2\/media?parent=93"}],"curies":[{"name":"wp","href":"https:\/\/api.w.org\/{rel}","templated":true}]}}